{"id":538,"date":"2019-03-21T15:14:24","date_gmt":"2019-03-21T18:14:24","guid":{"rendered":"https:\/\/www.liracarlosgomes.org.br\/?page_id=538"},"modified":"2019-07-19T17:30:14","modified_gmt":"2019-07-19T20:30:14","slug":"contato","status":"publish","type":"page","link":"https:\/\/www.liracarlosgomes.org.br\/?page_id=538","title":{"rendered":"Contato"},"content":{"rendered":"\t\t<div data-elementor-type=\"wp-post\" data-elementor-id=\"538\" class=\"elementor elementor-538\">\n\t\t\t\t\t\t<section class=\"elementor-section elementor-top-section elementor-element elementor-element-91623a6 elementor-section-boxed elementor-section-height-default elementor-section-height-default\" data-id=\"91623a6\" data-element_type=\"section\" data-e-type=\"section\">\n\t\t\t\t\t\t<div class=\"elementor-container elementor-column-gap-default\">\n\t\t\t\t\t<div class=\"elementor-column elementor-col-100 elementor-top-column elementor-element elementor-element-0e3554a\" data-id=\"0e3554a\" data-element_type=\"column\" data-e-type=\"column\">\n\t\t\t<div class=\"elementor-widget-wrap elementor-element-populated\">\n\t\t\t\t\t\t<div class=\"elementor-element elementor-element-9e1ce80 elementor-widget elementor-widget-google_maps\" data-id=\"9e1ce80\" data-element_type=\"widget\" data-e-type=\"widget\" data-widget_type=\"google_maps.default\">\n\t\t\t\t\t\t\t<div class=\"elementor-custom-embed\">\n\t\t\t<iframe loading=\"lazy\"\n\t\t\t\t\tsrc=\"https:\/\/maps.google.com\/maps?q=R.%20Capit%C3%A3o%20Salom%C3%A3o%2C%20125%20Est%C3%A2ncia%20-%20SE%2049200-000&#038;t=m&#038;z=10&#038;output=embed&#038;iwloc=near\"\n\t\t\t\t\ttitle=\"R. Capit\u00e3o Salom\u00e3o, 125 Est\u00e2ncia - SE 49200-000\"\n\t\t\t\t\taria-label=\"R. Capit\u00e3o Salom\u00e3o, 125 Est\u00e2ncia - SE 49200-000\"\n\t\t\t><\/iframe>\n\t\t<\/div>\n\t\t\t\t\t\t<\/div>\n\t\t\t\t\t<\/div>\n\t\t<\/div>\n\t\t\t\t\t<\/div>\n\t\t<\/section>\n\t\t\t\t<section class=\"elementor-section elementor-top-section elementor-element elementor-element-8fac2fe elementor-section-boxed elementor-section-height-default elementor-section-height-default\" data-id=\"8fac2fe\" data-element_type=\"section\" data-e-type=\"section\">\n\t\t\t\t\t\t<div class=\"elementor-container elementor-column-gap-default\">\n\t\t\t\t\t<div class=\"elementor-column elementor-col-100 elementor-top-column elementor-element elementor-element-366491b\" data-id=\"366491b\" data-element_type=\"column\" data-e-type=\"column\">\n\t\t\t<div class=\"elementor-widget-wrap elementor-element-populated\">\n\t\t\t\t\t\t<div class=\"elementor-element elementor-element-1955b34 elementor-widget elementor-widget-heading\" data-id=\"1955b34\" data-element_type=\"widget\" data-e-type=\"widget\" data-widget_type=\"heading.default\">\n\t\t\t\t\t<h4 class=\"elementor-heading-title elementor-size-default\">Rua Capit\u00e3o Salom\u00e3o, n\u00ba 125\nCentro-Est\u00e2ncia\/SE<br>\nTel: (79)9 9985-3973<\/h4>\t\t\t\t<\/div>\n\t\t\t\t\t<\/div>\n\t\t<\/div>\n\t\t\t\t\t<\/div>\n\t\t<\/section>\n\t\t\t\t<\/div>\n\t\t","protected":false},"excerpt":{"rendered":"<p>Rua Capit\u00e3o Salom\u00e3o, n\u00ba 125 Centro-Est\u00e2ncia\/SE Tel: (79)9 9985-3973<\/p>\n","protected":false},"author":1,"featured_media":0,"parent":0,"menu_order":0,"comment_status":"closed","ping_status":"closed","template":"","meta":{"om_disable_all_campaigns":false,"footnotes":""},"class_list":["post-538","page","type-page","status-publish",""],"_links":{"self":[{"href":"https:\/\/www.liracarlosgomes.org.br\/index.php?rest_route=\/wp\/v2\/pages\/538","targetHints":{"allow":["GET"]}}],"collection":[{"href":"https:\/\/www.liracarlosgomes.org.br\/index.php?rest_route=\/wp\/v2\/pages"}],"about":[{"href":"https:\/\/www.liracarlosgomes.org.br\/index.php?rest_route=\/wp\/v2\/types\/page"}],"author":[{"embeddable":true,"href":"https:\/\/www.liracarlosgomes.org.br\/index.php?rest_route=\/wp\/v2\/users\/1"}],"replies":[{"embeddable":true,"href":"https:\/\/www.liracarlosgomes.org.br\/index.php?rest_route=%2Fwp%2Fv2%2Fcomments&post=538"}],"version-history":[{"count":6,"href":"https:\/\/www.liracarlosgomes.org.br\/index.php?rest_route=\/wp\/v2\/pages\/538\/revisions"}],"predecessor-version":[{"id":1050,"href":"https:\/\/www.liracarlosgomes.org.br\/index.php?rest_route=\/wp\/v2\/pages\/538\/revisions\/1050"}],"wp:attachment":[{"href":"https:\/\/www.liracarlosgomes.org.br\/index.php?rest_route=%2Fwp%2Fv2%2Fmedia&parent=538"}],"curies":[{"name":"wp","href":"https:\/\/api.w.org\/{rel}","templated":true}]}}