{"id":1487,"date":"2020-03-16T09:51:30","date_gmt":"2020-03-16T12:51:30","guid":{"rendered":"https:\/\/www.liracarlosgomes.org.br\/?page_id=1487"},"modified":"2020-03-16T10:14:27","modified_gmt":"2020-03-16T13:14:27","slug":"recursos-de-penalidades-pecuniarias","status":"publish","type":"page","link":"https:\/\/www.liracarlosgomes.org.br\/?page_id=1487","title":{"rendered":"Recursos de penalidades pecuni\u00e1rias"},"content":{"rendered":"\t\t<div data-elementor-type=\"wp-page\" data-elementor-id=\"1487\" class=\"elementor elementor-1487\">\n\t\t\t\t\t\t<section class=\"elementor-section elementor-top-section elementor-element elementor-element-fb08eba elementor-section-boxed elementor-section-height-default elementor-section-height-default\" data-id=\"fb08eba\" data-element_type=\"section\" data-e-type=\"section\">\n\t\t\t\t\t\t<div class=\"elementor-container elementor-column-gap-default\">\n\t\t\t\t\t<div class=\"elementor-column elementor-col-100 elementor-top-column elementor-element elementor-element-f9dedc3\" data-id=\"f9dedc3\" data-element_type=\"column\" data-e-type=\"column\">\n\t\t\t<div class=\"elementor-widget-wrap elementor-element-populated\">\n\t\t\t\t\t\t<div class=\"elementor-element elementor-element-68d3d8d elementor-tabs-view-horizontal elementor-widget elementor-widget-tabs\" data-id=\"68d3d8d\" data-element_type=\"widget\" data-e-type=\"widget\" data-widget_type=\"tabs.default\">\n\t\t\t\t\t\t\t<div class=\"elementor-tabs\">\n\t\t\t<div class=\"elementor-tabs-wrapper\" role=\"tablist\" >\n\t\t\t\t\t\t\t\t\t<div id=\"elementor-tab-title-1091\" class=\"elementor-tab-title elementor-tab-desktop-title\" aria-selected=\"true\" data-tab=\"1\" role=\"tab\" tabindex=\"0\" aria-controls=\"elementor-tab-content-1091\" aria-expanded=\"false\">2018<\/div>\n\t\t\t\t\t\t\t\t\t<div id=\"elementor-tab-title-1092\" class=\"elementor-tab-title elementor-tab-desktop-title\" aria-selected=\"false\" data-tab=\"2\" role=\"tab\" tabindex=\"-1\" aria-controls=\"elementor-tab-content-1092\" aria-expanded=\"false\">2019<\/div>\n\t\t\t\t\t\t\t\t\t<div id=\"elementor-tab-title-1093\" class=\"elementor-tab-title elementor-tab-desktop-title\" aria-selected=\"false\" data-tab=\"3\" role=\"tab\" tabindex=\"-1\" aria-controls=\"elementor-tab-content-1093\" aria-expanded=\"false\">2020<\/div>\n\t\t\t\t\t\t\t<\/div>\n\t\t\t<div class=\"elementor-tabs-content-wrapper\" role=\"tablist\" aria-orientation=\"vertical\">\n\t\t\t\t\t\t\t\t\t<div class=\"elementor-tab-title elementor-tab-mobile-title\" aria-selected=\"true\" data-tab=\"1\" role=\"tab\" tabindex=\"0\" aria-controls=\"elementor-tab-content-1091\" aria-expanded=\"false\">2018<\/div>\n\t\t\t\t\t<div id=\"elementor-tab-content-1091\" class=\"elementor-tab-content elementor-clearfix\" data-tab=\"1\" role=\"tabpanel\" aria-labelledby=\"elementor-tab-title-1091\" tabindex=\"0\" hidden=\"false\"><p><span style=\"font-size: 14pt;\"><strong>Procuradoria Regional do Trabalho 20\u00aa Regi\u00e3o<\/strong><\/span><\/p><p><strong>Mob\u00edlia<\/strong><\/p><ul style=\"list-style-type: circle;\"><li><a href=\"https:\/\/www.liracarlosgomes.org.br\/wp-content\/uploads\/2020\/03\/TermoCompromissoMobilia.pdf\" target=\"_blank\" rel=\"noopener\">Termo de Compromisso<\/a><\/li><li><a href=\"https:\/\/www.liracarlosgomes.org.br\/wp-content\/uploads\/2020\/03\/OficioPrestacaoContasMobilia.pdf\" target=\"_blank\" rel=\"noopener\">Of\u00edcio Presta\u00e7\u00e3o de Contas<\/a><\/li><li><a href=\"https:\/\/www.liracarlosgomes.org.br\/wp-content\/uploads\/2020\/03\/OrcamentosMobilia.pdf\" target=\"_blank\" rel=\"noopener\">Or\u00e7amento<\/a><\/li><li><a href=\"https:\/\/www.liracarlosgomes.org.br\/wp-content\/uploads\/2020\/03\/NotaFiscalMobilia.pdf\" target=\"_blank\" rel=\"noopener\">Notas Fiscais<\/a><\/li><li><a href=\"https:\/\/www.liracarlosgomes.org.br\/wp-content\/uploads\/2020\/03\/ReciboPagamentoMobilia.pdf\" target=\"_blank\" rel=\"noopener\">Recibo de Pagamento<\/a><\/li><li><a href=\"https:\/\/www.liracarlosgomes.org.br\/wp-content\/uploads\/2020\/03\/FotosMobilia.pdf\" target=\"_blank\" rel=\"noopener\">Fotos<\/a><\/li><\/ul><p>\u00a0<\/p><p><strong>Uniformes<\/strong><\/p><ul style=\"list-style-type: circle;\"><li><a href=\"https:\/\/www.liracarlosgomes.org.br\/wp-content\/uploads\/2020\/03\/OficoSolicitacaoUniformes.pdf\" target=\"_blank\" rel=\"noopener\">Of\u00edcio Solicita\u00e7\u00e3o<\/a><\/li><li><a href=\"https:\/\/www.liracarlosgomes.org.br\/wp-content\/uploads\/2020\/03\/TermoCompromissoUniformes.pdf\" target=\"_blank\" rel=\"noopener\">Termo de Compromisso<\/a><\/li><li><a href=\"https:\/\/www.liracarlosgomes.org.br\/wp-content\/uploads\/2020\/03\/OficioPrestacaoContasUniformes.pdf\" target=\"_blank\" rel=\"noopener\">Of\u00edcio Presta\u00e7\u00e3o de Contas<\/a><\/li><li><a href=\"https:\/\/www.liracarlosgomes.org.br\/wp-content\/uploads\/2020\/03\/OrcamentosUniformes.pdf\" target=\"_blank\" rel=\"noopener\">Or\u00e7amento<\/a><\/li><li><a href=\"https:\/\/www.liracarlosgomes.org.br\/wp-content\/uploads\/2020\/03\/NotaFiscalUniformes.pdf\" target=\"_blank\" rel=\"noopener\">Notas Fiscais<\/a><\/li><li><a href=\"https:\/\/www.liracarlosgomes.org.br\/wp-content\/uploads\/2020\/03\/ReciboPagamentoUniformes.pdf\" target=\"_blank\" rel=\"noopener\">Recibo de Pagamento<\/a><\/li><li><a href=\"https:\/\/www.liracarlosgomes.org.br\/wp-content\/uploads\/2020\/03\/FotosUniformes.pdf\" target=\"_blank\" rel=\"noopener\">Fotos<\/a><\/li><\/ul><p>\u00a0<\/p><\/div>\n\t\t\t\t\t\t\t\t\t<div class=\"elementor-tab-title elementor-tab-mobile-title\" aria-selected=\"false\" data-tab=\"2\" role=\"tab\" tabindex=\"-1\" aria-controls=\"elementor-tab-content-1092\" aria-expanded=\"false\">2019<\/div>\n\t\t\t\t\t<div id=\"elementor-tab-content-1092\" class=\"elementor-tab-content elementor-clearfix\" data-tab=\"2\" role=\"tabpanel\" aria-labelledby=\"elementor-tab-title-1092\" tabindex=\"0\" hidden=\"hidden\"><\/div>\n\t\t\t\t\t\t\t\t\t<div class=\"elementor-tab-title elementor-tab-mobile-title\" aria-selected=\"false\" data-tab=\"3\" role=\"tab\" tabindex=\"-1\" aria-controls=\"elementor-tab-content-1093\" aria-expanded=\"false\">2020<\/div>\n\t\t\t\t\t<div id=\"elementor-tab-content-1093\" class=\"elementor-tab-content elementor-clearfix\" data-tab=\"3\" role=\"tabpanel\" aria-labelledby=\"elementor-tab-title-1093\" tabindex=\"0\" hidden=\"hidden\"><\/div>\n\t\t\t\t\t\t\t<\/div>\n\t\t<\/div>\n\t\t\t\t\t\t<\/div>\n\t\t\t\t\t<\/div>\n\t\t<\/div>\n\t\t\t\t\t<\/div>\n\t\t<\/section>\n\t\t\t\t<\/div>\n\t\t","protected":false},"excerpt":{"rendered":"<p>2018 2019 2020 2018 Procuradoria Regional do Trabalho 20\u00aa Regi\u00e3o Mob\u00edlia Termo de Compromisso Of\u00edcio Presta\u00e7\u00e3o de Contas Or\u00e7amento Notas Fiscais Recibo de Pagamento Fotos \u00a0 Uniformes Of\u00edcio Solicita\u00e7\u00e3o Termo de Compromisso Of\u00edcio Presta\u00e7\u00e3o de Contas Or\u00e7amento Notas Fiscais Recibo de Pagamento Fotos \u00a0 2019 2020<\/p>\n","protected":false},"author":1,"featured_media":0,"parent":0,"menu_order":0,"comment_status":"closed","ping_status":"closed","template":"","meta":{"om_disable_all_campaigns":false,"footnotes":""},"class_list":["post-1487","page","type-page","status-publish",""],"_links":{"self":[{"href":"https:\/\/www.liracarlosgomes.org.br\/index.php?rest_route=\/wp\/v2\/pages\/1487","targetHints":{"allow":["GET"]}}],"collection":[{"href":"https:\/\/www.liracarlosgomes.org.br\/index.php?rest_route=\/wp\/v2\/pages"}],"about":[{"href":"https:\/\/www.liracarlosgomes.org.br\/index.php?rest_route=\/wp\/v2\/types\/page"}],"author":[{"embeddable":true,"href":"https:\/\/www.liracarlosgomes.org.br\/index.php?rest_route=\/wp\/v2\/users\/1"}],"replies":[{"embeddable":true,"href":"https:\/\/www.liracarlosgomes.org.br\/index.php?rest_route=%2Fwp%2Fv2%2Fcomments&post=1487"}],"version-history":[{"count":6,"href":"https:\/\/www.liracarlosgomes.org.br\/index.php?rest_route=\/wp\/v2\/pages\/1487\/revisions"}],"predecessor-version":[{"id":1509,"href":"https:\/\/www.liracarlosgomes.org.br\/index.php?rest_route=\/wp\/v2\/pages\/1487\/revisions\/1509"}],"wp:attachment":[{"href":"https:\/\/www.liracarlosgomes.org.br\/index.php?rest_route=%2Fwp%2Fv2%2Fmedia&parent=1487"}],"curies":[{"name":"wp","href":"https:\/\/api.w.org\/{rel}","templated":true}]}}