{"id":1389,"date":"2020-03-09T12:01:03","date_gmt":"2020-03-09T15:01:03","guid":{"rendered":"https:\/\/www.liracarlosgomes.org.br\/?page_id=1389"},"modified":"2020-03-12T11:08:38","modified_gmt":"2020-03-12T14:08:38","slug":"demonstracoes-contabeis","status":"publish","type":"page","link":"https:\/\/www.liracarlosgomes.org.br\/?page_id=1389","title":{"rendered":"Demonstra\u00e7\u00f5es Cont\u00e1beis"},"content":{"rendered":"\t\t<div data-elementor-type=\"wp-page\" data-elementor-id=\"1389\" class=\"elementor elementor-1389\">\n\t\t\t\t\t\t<section class=\"elementor-section elementor-top-section elementor-element elementor-element-78ea759 elementor-section-boxed elementor-section-height-default elementor-section-height-default\" data-id=\"78ea759\" data-element_type=\"section\" data-e-type=\"section\">\n\t\t\t\t\t\t<div class=\"elementor-container elementor-column-gap-default\">\n\t\t\t\t\t<div class=\"elementor-column elementor-col-100 elementor-top-column elementor-element elementor-element-b4a423a\" data-id=\"b4a423a\" data-element_type=\"column\" data-e-type=\"column\">\n\t\t\t<div class=\"elementor-widget-wrap elementor-element-populated\">\n\t\t\t\t\t\t<div class=\"elementor-element elementor-element-3a1637e elementor-tabs-view-horizontal elementor-widget elementor-widget-tabs\" data-id=\"3a1637e\" data-element_type=\"widget\" data-e-type=\"widget\" data-widget_type=\"tabs.default\">\n\t\t\t\t\t\t\t<div class=\"elementor-tabs\">\n\t\t\t<div class=\"elementor-tabs-wrapper\" role=\"tablist\" >\n\t\t\t\t\t\t\t\t\t<div id=\"elementor-tab-title-6091\" class=\"elementor-tab-title elementor-tab-desktop-title\" aria-selected=\"true\" data-tab=\"1\" role=\"tab\" tabindex=\"0\" aria-controls=\"elementor-tab-content-6091\" aria-expanded=\"false\">2019<\/div>\n\t\t\t\t\t\t\t\t\t<div id=\"elementor-tab-title-6092\" class=\"elementor-tab-title elementor-tab-desktop-title\" aria-selected=\"false\" data-tab=\"2\" role=\"tab\" tabindex=\"-1\" aria-controls=\"elementor-tab-content-6092\" aria-expanded=\"false\">2020<\/div>\n\t\t\t\t\t\t\t<\/div>\n\t\t\t<div class=\"elementor-tabs-content-wrapper\" role=\"tablist\" aria-orientation=\"vertical\">\n\t\t\t\t\t\t\t\t\t<div class=\"elementor-tab-title elementor-tab-mobile-title\" aria-selected=\"true\" data-tab=\"1\" role=\"tab\" tabindex=\"0\" aria-controls=\"elementor-tab-content-6091\" aria-expanded=\"false\">2019<\/div>\n\t\t\t\t\t<div id=\"elementor-tab-content-6091\" class=\"elementor-tab-content elementor-clearfix\" data-tab=\"1\" role=\"tabpanel\" aria-labelledby=\"elementor-tab-title-6091\" tabindex=\"0\" hidden=\"false\"><html lang=\"pt-br\">\n    <head>\n        <meta charset=\"utf-8\">\n    <meta http-equiv=\"X-UA-Compatible\" content=\"IE=edge\">\n    <meta name=\"viewport\" content=\"width=device-width, initial-scale=1\">\n    <link rel=\"stylesheet\" href=\"https:\/\/stackpath.bootstrapcdn.com\/bootstrap\/4.1.3\/css\/bootstrap.min.css\" integrity=\"sha384-MCw98\/SFnGE8fJT3GXwEOngsV7Zt27NXFoaoApmYm81iuXoPkFOJwJ8ERdknLPMO\" crossorigin=\"anonymous\">\n\n    <script src=\"https:\/\/code.jquery.com\/jquery-3.3.1.slim.min.js\" integrity=\"sha384-q8i\/X+965DzO0rT7abK41JStQIAqVgRVzpbzo5smXKp4YfRvH+8abtTE1Pi6jizo\" crossorigin=\"anonymous\"><\/script>\n    <script src=\"https:\/\/cdnjs.cloudflare.com\/ajax\/libs\/popper.js\/1.14.3\/umd\/popper.min.js\" integrity=\"sha384-ZMP7rVo3mIykV+2+9J3UJ46jBk0WLaUAdn689aCwoqbBJiSnjAK\/l8WvCWPIPm49\" crossorigin=\"anonymous\"><\/script>\n    <script src=\"https:\/\/stackpath.bootstrapcdn.com\/bootstrap\/4.1.3\/js\/bootstrap.min.js\" integrity=\"sha384-ChfqqxuZUCnJSK3+MXmPNIyE6ZbWh2IMqE241rYiqJxyMiZ6OW\/JmZQ5stwEULTy\" crossorigin=\"anonymous\"><\/script>\n    <\/head>\n    <body>\n        <div class=\"dropdown\">\n            \n            <button style=\"width: 187px;text-align: right;\" class=\"btn btn-secondary dropdown-toggle\" type=\"button\" id=\"dropdownMenuButton\" data-toggle=\"dropdown\" aria-haspopup=\"true\" aria-expanded=\"false\">\n                CLique aqui\n            <\/button>\n            <div class=\"dropdown-menu\" aria-labelledby=\"dropdownMenuButton\">\n              <a class=\"dropdown-item\" href=\"https:\/\/www.liracarlosgomes.org.br\/wp-content\/uploads\/2020\/03\/DEMONSTRATIVO.pdf\" target=\"_blank\">Demonstrativo<\/a>\n              \n            <\/div>\n          <\/div>\n     <hr>\n        \n\n\n<hr>\n\n          \n    <\/body>\n<\/html>\n\n\n\n\n\n\n\n\n\n<\/div>\n\t\t\t\t\t\t\t\t\t<div class=\"elementor-tab-title elementor-tab-mobile-title\" aria-selected=\"false\" data-tab=\"2\" role=\"tab\" tabindex=\"-1\" aria-controls=\"elementor-tab-content-6092\" aria-expanded=\"false\">2020<\/div>\n\t\t\t\t\t<div id=\"elementor-tab-content-6092\" class=\"elementor-tab-content elementor-clearfix\" data-tab=\"2\" role=\"tabpanel\" aria-labelledby=\"elementor-tab-title-6092\" tabindex=\"0\" hidden=\"hidden\"><\/div>\n\t\t\t\t\t\t\t<\/div>\n\t\t<\/div>\n\t\t\t\t\t\t<\/div>\n\t\t\t\t\t<\/div>\n\t\t<\/div>\n\t\t\t\t\t<\/div>\n\t\t<\/section>\n\t\t\t\t<\/div>\n\t\t","protected":false},"excerpt":{"rendered":"<p>2019 2020 2019 CLique aqui Demonstrativo 2020<\/p>\n","protected":false},"author":1,"featured_media":0,"parent":0,"menu_order":0,"comment_status":"closed","ping_status":"closed","template":"","meta":{"om_disable_all_campaigns":false,"footnotes":""},"class_list":["post-1389","page","type-page","status-publish",""],"_links":{"self":[{"href":"https:\/\/www.liracarlosgomes.org.br\/index.php?rest_route=\/wp\/v2\/pages\/1389","targetHints":{"allow":["GET"]}}],"collection":[{"href":"https:\/\/www.liracarlosgomes.org.br\/index.php?rest_route=\/wp\/v2\/pages"}],"about":[{"href":"https:\/\/www.liracarlosgomes.org.br\/index.php?rest_route=\/wp\/v2\/types\/page"}],"author":[{"embeddable":true,"href":"https:\/\/www.liracarlosgomes.org.br\/index.php?rest_route=\/wp\/v2\/users\/1"}],"replies":[{"embeddable":true,"href":"https:\/\/www.liracarlosgomes.org.br\/index.php?rest_route=%2Fwp%2Fv2%2Fcomments&post=1389"}],"version-history":[{"count":3,"href":"https:\/\/www.liracarlosgomes.org.br\/index.php?rest_route=\/wp\/v2\/pages\/1389\/revisions"}],"predecessor-version":[{"id":1448,"href":"https:\/\/www.liracarlosgomes.org.br\/index.php?rest_route=\/wp\/v2\/pages\/1389\/revisions\/1448"}],"wp:attachment":[{"href":"https:\/\/www.liracarlosgomes.org.br\/index.php?rest_route=%2Fwp%2Fv2%2Fmedia&parent=1389"}],"curies":[{"name":"wp","href":"https:\/\/api.w.org\/{rel}","templated":true}]}}