{"id":1386,"date":"2020-03-09T12:00:15","date_gmt":"2020-03-09T15:00:15","guid":{"rendered":"https:\/\/www.liracarlosgomes.org.br\/?page_id=1386"},"modified":"2020-09-17T10:50:41","modified_gmt":"2020-09-17T13:50:41","slug":"transparencia-federal","status":"publish","type":"page","link":"https:\/\/www.liracarlosgomes.org.br\/?page_id=1386","title":{"rendered":"Transpar\u00eancia Federal"},"content":{"rendered":"\t\t<div data-elementor-type=\"wp-page\" data-elementor-id=\"1386\" class=\"elementor elementor-1386\">\n\t\t\t\t\t\t<section class=\"elementor-section elementor-top-section elementor-element elementor-element-36c1b63 elementor-section-boxed elementor-section-height-default elementor-section-height-default\" data-id=\"36c1b63\" data-element_type=\"section\" data-e-type=\"section\">\n\t\t\t\t\t\t<div class=\"elementor-container elementor-column-gap-default\">\n\t\t\t\t\t<div class=\"elementor-column elementor-col-100 elementor-top-column elementor-element elementor-element-444819a\" data-id=\"444819a\" data-element_type=\"column\" data-e-type=\"column\">\n\t\t\t<div class=\"elementor-widget-wrap elementor-element-populated\">\n\t\t\t\t\t\t<div class=\"elementor-element elementor-element-29b102b elementor-widget elementor-widget-accordion\" data-id=\"29b102b\" data-element_type=\"widget\" data-e-type=\"widget\" data-widget_type=\"accordion.default\">\n\t\t\t\t\t\t\t<div class=\"elementor-accordion\">\n\t\t\t\t\t\t\t<div class=\"elementor-accordion-item\">\n\t\t\t\t\t<div id=\"elementor-tab-title-4371\" class=\"elementor-tab-title\" data-tab=\"1\" role=\"button\" aria-controls=\"elementor-tab-content-4371\" aria-expanded=\"false\">\n\t\t\t\t\t\t\t\t\t\t\t\t\t<span class=\"elementor-accordion-icon elementor-accordion-icon-left\" aria-hidden=\"true\">\n\t\t\t\t\t\t\t\t\t\t\t\t\t\t\t<span class=\"elementor-accordion-icon-closed\"><svg class=\"e-font-icon-svg e-far-eye\" viewBox=\"0 0 576 512\" xmlns=\"http:\/\/www.w3.org\/2000\/svg\"><path d=\"M288 144a110.94 110.94 0 0 0-31.24 5 55.4 55.4 0 0 1 7.24 27 56 56 0 0 1-56 56 55.4 55.4 0 0 1-27-7.24A111.71 111.71 0 1 0 288 144zm284.52 97.4C518.29 135.59 410.93 64 288 64S57.68 135.64 3.48 241.41a32.35 32.35 0 0 0 0 29.19C57.71 376.41 165.07 448 288 448s230.32-71.64 284.52-177.41a32.35 32.35 0 0 0 0-29.19zM288 400c-98.65 0-189.09-55-237.93-144C98.91 167 189.34 112 288 112s189.09 55 237.93 144C477.1 345 386.66 400 288 400z\"><\/path><\/svg><\/span>\n\t\t\t\t\t\t\t\t<span class=\"elementor-accordion-icon-opened\"><svg class=\"e-font-icon-svg e-fas-minus\" viewBox=\"0 0 448 512\" xmlns=\"http:\/\/www.w3.org\/2000\/svg\"><path d=\"M416 208H32c-17.67 0-32 14.33-32 32v32c0 17.67 14.33 32 32 32h384c17.67 0 32-14.33 32-32v-32c0-17.67-14.33-32-32-32z\"><\/path><\/svg><\/span>\n\t\t\t\t\t\t\t\t\t\t\t\t\t\t<\/span>\n\t\t\t\t\t\t\t\t\t\t\t\t<a class=\"elementor-accordion-title\" tabindex=\"0\">Conv\u00eanio 891290\/2019<\/a>\n\t\t\t\t\t<\/div>\n\t\t\t\t\t<div id=\"elementor-tab-content-4371\" class=\"elementor-tab-content elementor-clearfix\" data-tab=\"1\" role=\"region\" aria-labelledby=\"elementor-tab-title-4371\"><p><span style=\"font-size: 14pt;\"><em><strong>Evolu\u00e7\u00e3o do Projeto<\/strong><\/em><\/span><\/p><ul><li>Financeira Plano de Trabalho<\/li><li>Or\u00e7amento-Conceito Musical<\/li><li>Or\u00e7amento-da Capo<\/li><li>Plano de Trabalho-Anexo Termo Refer\u00eancia<\/li><li>Receita Despesa Plano de Trabalho<\/li><li>Rela\u00e7\u00e3o de Bens Adquiridos<\/li><li>Rela\u00e7\u00e3o de Documentos Liquida\u00e7\u00e3o<\/li><li>Rela\u00e7\u00e3o de Pagamentos<\/li><li><a href=\"https:\/\/www.liracarlosgomes.org.br\/wp-content\/uploads\/2020\/09\/TermoDeFomentoAssinado1-891290.pdf\">Termo de Fomento-Assinado 1<\/a><\/li><li><a href=\"https:\/\/www.liracarlosgomes.org.br\/wp-content\/uploads\/2020\/09\/TermoDeFomentoAssinado2-891290.pdf\">Termo de Fomento-Assinado 2<\/a><\/li><li><a href=\"https:\/\/www.liracarlosgomes.org.br\/wp-content\/uploads\/2020\/09\/TermoDeReferencia-891290.pdf\">Termo de Refer\u00eancia<\/a><\/li><\/ul><p><em><strong><span style=\"font-size: 14pt;\">Licita\u00e7\u00e3o<\/span><\/strong><\/em><\/p><ul><li><a href=\"https:\/\/www.liracarlosgomes.org.br\/wp-content\/uploads\/2020\/09\/EditalCotacaoTermoDeReferencia-891290.pdf\">Cota\u00e7\u00e3o Eletr\u00f4nica 01<\/a><\/li><li>Declara\u00e7\u00e3o de Inexist\u00eancia de outras fontes de recursos<\/li><li><a href=\"https:\/\/www.liracarlosgomes.org.br\/wp-content\/uploads\/2020\/09\/JustificativaDaEscolhaDaProposta-891290.pdf\">Justificativa da escolha da proposta<\/a><\/li><li><a href=\"https:\/\/www.liracarlosgomes.org.br\/wp-content\/uploads\/2020\/09\/Publica\u00e7\u00e3oDaCota\u00e7\u00e3o01-891290.pdf\">Publica\u00e7\u00e3o da Cota\u00e7\u00e3o<\/a><\/li><li><a href=\"https:\/\/www.liracarlosgomes.org.br\/wp-content\/uploads\/2020\/09\/Proposta-891290.pdf\">Proposta<\/a><\/li><\/ul><p><strong><em>Presta\u00e7\u00e3o de Contas<\/em><\/strong><\/p><ul><li>Aprova\u00e7\u00e3o do Fomento<\/li><li>Relat\u00f3rio de Presta\u00e7\u00e3o de Contas<\/li><li>Relat\u00f3rio F\u00edsico de execu\u00e7\u00e3o do projeto<\/li><li>Relat\u00f3rio de fotos dos instrumentos<\/li><li><a href=\"https:\/\/www.liracarlosgomes.org.br\/wp-content\/uploads\/2020\/09\/Recibo1-891290.pdf\">Recibo 01<\/a><\/li><li><a href=\"https:\/\/www.liracarlosgomes.org.br\/wp-content\/uploads\/2020\/09\/Recibo2-891290.pdf\">Recibo 02<\/a><\/li><li><a href=\"https:\/\/www.liracarlosgomes.org.br\/wp-content\/uploads\/2020\/09\/NotaFiscal1-891290.pdf\">Nota Fiscal 01<\/a><\/li><li><a href=\"https:\/\/www.liracarlosgomes.org.br\/wp-content\/uploads\/2020\/09\/NotaFiscal2-891290.pdf\">Nota Fiscal 02<\/a><\/li><li><a href=\"https:\/\/www.liracarlosgomes.org.br\/wp-content\/uploads\/2020\/09\/ContratoConvenio02-891290.pdf\">Contrato do Conv\u00eanio<\/a><\/li><\/ul><p><img decoding=\"async\" class=\" wp-image-911 alignleft\" src=\"https:\/\/www.liracarlosgomes.org.br\/wp-content\/uploads\/2019\/04\/FUNARTE-MINC-300x144.jpg\" alt=\"\" width=\"175\" height=\"84\" \/> <img decoding=\"async\" class=\"alignnone wp-image-912\" src=\"https:\/\/www.liracarlosgomes.org.br\/wp-content\/uploads\/2019\/04\/logoFederal-300x97.jpg\" alt=\"\" width=\"263\" height=\"85\" srcset=\"https:\/\/www.liracarlosgomes.org.br\/wp-content\/uploads\/2019\/04\/logoFederal-300x97.jpg 300w, https:\/\/www.liracarlosgomes.org.br\/wp-content\/uploads\/2019\/04\/logoFederal.jpg 395w\" sizes=\"(max-width: 263px) 100vw, 263px\" \/> <img decoding=\"async\" class=\"alignnone wp-image-914\" src=\"https:\/\/www.liracarlosgomes.org.br\/wp-content\/uploads\/2019\/04\/MinCidadania-300x97.png\" alt=\"\" width=\"220\" height=\"71\" srcset=\"https:\/\/www.liracarlosgomes.org.br\/wp-content\/uploads\/2019\/04\/MinCidadania-300x97.png 300w, https:\/\/www.liracarlosgomes.org.br\/wp-content\/uploads\/2019\/04\/MinCidadania-768x247.png 768w, https:\/\/www.liracarlosgomes.org.br\/wp-content\/uploads\/2019\/04\/MinCidadania-1024x330.png 1024w, https:\/\/www.liracarlosgomes.org.br\/wp-content\/uploads\/2019\/04\/MinCidadania.png 1339w\" sizes=\"(max-width: 220px) 100vw, 220px\" \/><\/p><\/div>\n\t\t\t\t<\/div>\n\t\t\t\t\t\t\t\t<\/div>\n\t\t\t\t\t\t<\/div>\n\t\t\t\t<div class=\"elementor-element elementor-element-fbcec63 elementor-widget elementor-widget-accordion\" data-id=\"fbcec63\" data-element_type=\"widget\" data-e-type=\"widget\" data-widget_type=\"accordion.default\">\n\t\t\t\t\t\t\t<div class=\"elementor-accordion\">\n\t\t\t\t\t\t\t<div class=\"elementor-accordion-item\">\n\t\t\t\t\t<div id=\"elementor-tab-title-2641\" class=\"elementor-tab-title\" data-tab=\"1\" role=\"button\" aria-controls=\"elementor-tab-content-2641\" aria-expanded=\"false\">\n\t\t\t\t\t\t\t\t\t\t\t\t\t<span class=\"elementor-accordion-icon elementor-accordion-icon-left\" aria-hidden=\"true\">\n\t\t\t\t\t\t\t\t\t\t\t\t\t\t\t<span class=\"elementor-accordion-icon-closed\"><svg class=\"e-font-icon-svg e-far-eye\" viewBox=\"0 0 576 512\" xmlns=\"http:\/\/www.w3.org\/2000\/svg\"><path d=\"M288 144a110.94 110.94 0 0 0-31.24 5 55.4 55.4 0 0 1 7.24 27 56 56 0 0 1-56 56 55.4 55.4 0 0 1-27-7.24A111.71 111.71 0 1 0 288 144zm284.52 97.4C518.29 135.59 410.93 64 288 64S57.68 135.64 3.48 241.41a32.35 32.35 0 0 0 0 29.19C57.71 376.41 165.07 448 288 448s230.32-71.64 284.52-177.41a32.35 32.35 0 0 0 0-29.19zM288 400c-98.65 0-189.09-55-237.93-144C98.91 167 189.34 112 288 112s189.09 55 237.93 144C477.1 345 386.66 400 288 400z\"><\/path><\/svg><\/span>\n\t\t\t\t\t\t\t\t<span class=\"elementor-accordion-icon-opened\"><svg class=\"e-font-icon-svg e-fas-minus\" viewBox=\"0 0 448 512\" xmlns=\"http:\/\/www.w3.org\/2000\/svg\"><path d=\"M416 208H32c-17.67 0-32 14.33-32 32v32c0 17.67 14.33 32 32 32h384c17.67 0 32-14.33 32-32v-32c0-17.67-14.33-32-32-32z\"><\/path><\/svg><\/span>\n\t\t\t\t\t\t\t\t\t\t\t\t\t\t<\/span>\n\t\t\t\t\t\t\t\t\t\t\t\t<a class=\"elementor-accordion-title\" tabindex=\"0\">Conv\u00eanio 883243\/2019<\/a>\n\t\t\t\t\t<\/div>\n\t\t\t\t\t<div id=\"elementor-tab-content-2641\" class=\"elementor-tab-content elementor-clearfix\" data-tab=\"1\" role=\"region\" aria-labelledby=\"elementor-tab-title-2641\"><ul><li><p><span style=\"font-size: 14pt;\"><em><strong>Evolu\u00e7\u00e3o do Projeto<\/strong><\/em><\/span><\/p><ul><li>Financeira Plano de Trabalho<\/li><li>Or\u00e7amento-Conceito Musical<\/li><li>Or\u00e7amento-da Capo<\/li><li>Plano de Trabalho-Anexo Termo Refer\u00eancia<\/li><li>Receita Despesa Plano de Trabalho<\/li><li>Rela\u00e7\u00e3o de Bens Adquiridos<\/li><li>Rela\u00e7\u00e3o de Documentos Liquida\u00e7\u00e3o<\/li><li>Rela\u00e7\u00e3o de Pagamentos<\/li><li><a href=\"https:\/\/www.liracarlosgomes.org.br\/wp-content\/uploads\/2020\/09\/TermoDeFomentoAssinado1-8832432019.pdf\">Termo de Fomento-Assinado 1<\/a><\/li><li><a href=\"https:\/\/www.liracarlosgomes.org.br\/wp-content\/uploads\/2020\/09\/TermodeFomentoAssinado2-8832432019.pdf\">Termo de Fomento-Assinado 2<\/a><\/li><li><a href=\"https:\/\/www.liracarlosgomes.org.br\/wp-content\/uploads\/2020\/09\/EditalCota\u00e7\u00e3oTermoDeReferencia-8832432019.pdf\">Termo de Refer\u00eancia<\/a><\/li><\/ul><p><em><strong><span style=\"font-size: 14pt;\">Licita\u00e7\u00e3o<\/span><\/strong><\/em><\/p><ul><li><a href=\"https:\/\/www.liracarlosgomes.org.br\/wp-content\/uploads\/2020\/09\/Publica\u00e7\u00e3oDaCotacao-8832432019.pdf\">Cota\u00e7\u00e3o Eletr\u00f4nica 01<\/a><\/li><li>Declara\u00e7\u00e3o de Inexist\u00eancia de outras fontes de recursos<\/li><li><a href=\"https:\/\/www.liracarlosgomes.org.br\/wp-content\/uploads\/2020\/09\/JustificativaDaEscolhaDaProposta01-8832432019.pdf\">Justificativa da escolha da proposta<\/a><\/li><li>Publica\u00e7\u00e3o da Cota\u00e7\u00e3o<\/li><li><a href=\"https:\/\/www.liracarlosgomes.org.br\/wp-content\/uploads\/2020\/09\/Proposta01-8832432019.pdf\">Proposta<\/a><\/li><\/ul><p><strong><em>Presta\u00e7\u00e3o de Contas<\/em><\/strong><\/p><ul><li>Aprova\u00e7\u00e3o do Fomento<\/li><li>Relat\u00f3rio de Presta\u00e7\u00e3o de Contas<\/li><li>Relat\u00f3rio F\u00edsico de execu\u00e7\u00e3o do projeto<\/li><li>Relat\u00f3rio de fotos dos instrumentos<\/li><li>Recibo 01<\/li><li>Recibo 02<\/li><li><a href=\"https:\/\/www.liracarlosgomes.org.br\/wp-content\/uploads\/2020\/09\/NotaFiscal1-8832432019.pdf\">Nota Fiscal 01<\/a><\/li><li><a href=\"https:\/\/www.liracarlosgomes.org.br\/wp-content\/uploads\/2020\/09\/NotaFiscal2-8832432019.pdf\">Nota Fiscal 02<\/a><\/li><li><a href=\"https:\/\/www.liracarlosgomes.org.br\/wp-content\/uploads\/2020\/09\/ContratoNotaFiscalConv\u00eanio01-8832432019.pdf\">Contrato do Conv\u00eanio<\/a><\/li><\/ul><\/li><\/ul><p><img decoding=\"async\" class=\" wp-image-911 alignleft\" src=\"https:\/\/www.liracarlosgomes.org.br\/wp-content\/uploads\/2019\/04\/FUNARTE-MINC-300x144.jpg\" alt=\"\" width=\"175\" height=\"84\" \/> <img decoding=\"async\" class=\"alignnone wp-image-912\" src=\"https:\/\/www.liracarlosgomes.org.br\/wp-content\/uploads\/2019\/04\/logoFederal-300x97.jpg\" alt=\"\" width=\"263\" height=\"85\" srcset=\"https:\/\/www.liracarlosgomes.org.br\/wp-content\/uploads\/2019\/04\/logoFederal-300x97.jpg 300w, https:\/\/www.liracarlosgomes.org.br\/wp-content\/uploads\/2019\/04\/logoFederal.jpg 395w\" sizes=\"(max-width: 263px) 100vw, 263px\" \/> <img decoding=\"async\" class=\"alignnone wp-image-914\" src=\"https:\/\/www.liracarlosgomes.org.br\/wp-content\/uploads\/2019\/04\/MinCidadania-300x97.png\" alt=\"\" width=\"220\" height=\"71\" srcset=\"https:\/\/www.liracarlosgomes.org.br\/wp-content\/uploads\/2019\/04\/MinCidadania-300x97.png 300w, https:\/\/www.liracarlosgomes.org.br\/wp-content\/uploads\/2019\/04\/MinCidadania-768x247.png 768w, https:\/\/www.liracarlosgomes.org.br\/wp-content\/uploads\/2019\/04\/MinCidadania-1024x330.png 1024w, https:\/\/www.liracarlosgomes.org.br\/wp-content\/uploads\/2019\/04\/MinCidadania.png 1339w\" sizes=\"(max-width: 220px) 100vw, 220px\" \/><\/p><\/div>\n\t\t\t\t<\/div>\n\t\t\t\t\t\t\t\t<\/div>\n\t\t\t\t\t\t<\/div>\n\t\t\t\t<div class=\"elementor-element elementor-element-f59aa13 elementor-widget elementor-widget-accordion\" data-id=\"f59aa13\" data-element_type=\"widget\" data-e-type=\"widget\" data-widget_type=\"accordion.default\">\n\t\t\t\t\t\t\t<div class=\"elementor-accordion\">\n\t\t\t\t\t\t\t<div class=\"elementor-accordion-item\">\n\t\t\t\t\t<div id=\"elementor-tab-title-2571\" class=\"elementor-tab-title\" data-tab=\"1\" role=\"button\" aria-controls=\"elementor-tab-content-2571\" aria-expanded=\"false\">\n\t\t\t\t\t\t\t\t\t\t\t\t\t<span class=\"elementor-accordion-icon elementor-accordion-icon-left\" aria-hidden=\"true\">\n\t\t\t\t\t\t\t\t\t\t\t\t\t\t\t<span class=\"elementor-accordion-icon-closed\"><svg class=\"e-font-icon-svg e-far-eye\" viewBox=\"0 0 576 512\" xmlns=\"http:\/\/www.w3.org\/2000\/svg\"><path d=\"M288 144a110.94 110.94 0 0 0-31.24 5 55.4 55.4 0 0 1 7.24 27 56 56 0 0 1-56 56 55.4 55.4 0 0 1-27-7.24A111.71 111.71 0 1 0 288 144zm284.52 97.4C518.29 135.59 410.93 64 288 64S57.68 135.64 3.48 241.41a32.35 32.35 0 0 0 0 29.19C57.71 376.41 165.07 448 288 448s230.32-71.64 284.52-177.41a32.35 32.35 0 0 0 0-29.19zM288 400c-98.65 0-189.09-55-237.93-144C98.91 167 189.34 112 288 112s189.09 55 237.93 144C477.1 345 386.66 400 288 400z\"><\/path><\/svg><\/span>\n\t\t\t\t\t\t\t\t<span class=\"elementor-accordion-icon-opened\"><svg class=\"e-font-icon-svg e-fas-minus\" viewBox=\"0 0 448 512\" xmlns=\"http:\/\/www.w3.org\/2000\/svg\"><path d=\"M416 208H32c-17.67 0-32 14.33-32 32v32c0 17.67 14.33 32 32 32h384c17.67 0 32-14.33 32-32v-32c0-17.67-14.33-32-32-32z\"><\/path><\/svg><\/span>\n\t\t\t\t\t\t\t\t\t\t\t\t\t\t<\/span>\n\t\t\t\t\t\t\t\t\t\t\t\t<a class=\"elementor-accordion-title\" tabindex=\"0\">Conv\u00eanio 849588\/2017<\/a>\n\t\t\t\t\t<\/div>\n\t\t\t\t\t<div id=\"elementor-tab-content-2571\" class=\"elementor-tab-content elementor-clearfix\" data-tab=\"1\" role=\"region\" aria-labelledby=\"elementor-tab-title-2571\"><p><span style=\"font-size: 14pt;\"><em><strong>Evolu\u00e7\u00e3o do Projeto<\/strong><\/em><\/span><\/p><ul><li><a href=\"https:\/\/www.liracarlosgomes.org.br\/wp-content\/uploads\/2020\/03\/FinanceiraPlanoDeTrabalho.pdf\" target=\"_blank\" rel=\"noopener\">Financeira Plano de Trabalho<\/a><\/li><li><a href=\"https:\/\/www.liracarlosgomes.org.br\/wp-content\/uploads\/2020\/03\/OR\u00c7AMENTO-CONCEITO-MUSICAL.pdf\" target=\"_blank\" rel=\"noopener\">Or\u00e7amento-Conceito Musical<\/a><\/li><li><a href=\"https:\/\/www.liracarlosgomes.org.br\/wp-content\/uploads\/2020\/03\/Or\u00e7amento-Da-Capo.pdf\" target=\"_blank\" rel=\"noopener\">Or\u00e7amento-da Capo<\/a><\/li><li><a href=\"https:\/\/www.liracarlosgomes.org.br\/wp-content\/uploads\/2020\/03\/Plano-de-Trabalho-Anexo-Termo-de-Refer\u00eancia-1.pdf\" target=\"_blank\" rel=\"noopener\">Plano de Trabalho-Anexo Termo Refer\u00eancia<\/a><\/li><li><a href=\"https:\/\/www.liracarlosgomes.org.br\/wp-content\/uploads\/2020\/03\/ReceitaDespesaPlanoTrabalho.pdf\" target=\"_blank\" rel=\"noopener\">Receita Despesa Plano de Trabalho<\/a><\/li><li><a href=\"https:\/\/www.liracarlosgomes.org.br\/wp-content\/uploads\/2020\/03\/RelacaoDeBensAdquiridos.pdf\" target=\"_blank\" rel=\"noopener\">Rela\u00e7\u00e3o de Bens Adquiridos<\/a><\/li><li><a href=\"https:\/\/www.liracarlosgomes.org.br\/wp-content\/uploads\/2020\/03\/RelacaoDeDocumentosLiquidacao.pdf\" target=\"_blank\" rel=\"noopener\">Rela\u00e7\u00e3o de Documentos Liquida\u00e7\u00e3o<\/a><\/li><li><a href=\"https:\/\/www.liracarlosgomes.org.br\/wp-content\/uploads\/2020\/03\/RelacaoDePagamentos.pdf\" target=\"_blank\" rel=\"noopener\">Rela\u00e7\u00e3o de Pagamentos<\/a><\/li><li><a href=\"https:\/\/www.liracarlosgomes.org.br\/wp-content\/uploads\/2020\/03\/Termo-de-Fomento-Assinado-1.pdf\" target=\"_blank\" rel=\"noopener\">Termo de Fomento-Assinado 1<\/a><\/li><li><a href=\"https:\/\/www.liracarlosgomes.org.br\/wp-content\/uploads\/2020\/03\/Termo-de-Fomento-Assinado-2.pdf\" target=\"_blank\" rel=\"noopener\">Termo de Fomento-Assinado 2<\/a><\/li><li><a href=\"https:\/\/www.liracarlosgomes.org.br\/wp-content\/uploads\/2020\/03\/Termo-de-Refer\u00eancia-.pdf\" target=\"_blank\" rel=\"noopener\">Termo de Refer\u00eancia<\/a><\/li><\/ul><p><em><strong><span style=\"font-size: 14pt;\">Licita\u00e7\u00e3o<\/span><\/strong><\/em><\/p><ul><li><a href=\"https:\/\/www.liracarlosgomes.org.br\/wp-content\/uploads\/2020\/03\/COTA\u00c7\u00c3O-ELETR\u00d4NICA-01-LIRA-CARLOS-GOMES-3-1-1.pdf\" target=\"_blank\" rel=\"noopener\">Cota\u00e7\u00e3o Eletr\u00f4nica 01<\/a><\/li><li><a href=\"https:\/\/www.liracarlosgomes.org.br\/wp-content\/uploads\/2020\/03\/Declara\u00e7\u00e3o-de-Inexistencia-de-Outras-Fontes-de-Recursos.pdf\" target=\"_blank\" rel=\"noopener\">Declara\u00e7\u00e3o de Inexist\u00eancia de outras fontes de recursos<\/a><\/li><li><a href=\"https:\/\/www.liracarlosgomes.org.br\/wp-content\/uploads\/2020\/03\/JUSTIFICATIVA-DA-ESCOLHA-DA-PROSPOSTA.output.pdf\" target=\"_blank\" rel=\"noopener\">Justificativa da escolha da proposta<\/a><\/li><li><a href=\"https:\/\/www.liracarlosgomes.org.br\/wp-content\/uploads\/2020\/03\/Or\u00e7amento-de-Venda-72.pdf\" target=\"_blank\" rel=\"noopener\">Or\u00e7amento de venda 72<\/a><\/li><li><a href=\"https:\/\/www.liracarlosgomes.org.br\/wp-content\/uploads\/2020\/03\/Or\u00e7amento-SA-Music.pdf\" target=\"_blank\" rel=\"noopener\">Or\u00e7amento SA Music<\/a><\/li><\/ul><p><strong><em>Presta\u00e7\u00e3o de Contas<\/em><\/strong><\/p><ul><li><a href=\"https:\/\/www.liracarlosgomes.org.br\/wp-content\/uploads\/2020\/03\/APROVA\u00c7\u00c3O-DO-FOMENTO.pdf\" target=\"_blank\" rel=\"noopener\">Aprova\u00e7\u00e3o do Fomento<\/a><\/li><li><a href=\"https:\/\/www.liracarlosgomes.org.br\/wp-content\/uploads\/2020\/03\/RELATORIO_PRESTACAO_CONTAS.pdf\" target=\"_blank\" rel=\"noopener\">Relat\u00f3rio de Presta\u00e7\u00e3o de Contas<\/a><\/li><li><a href=\"https:\/\/www.liracarlosgomes.org.br\/wp-content\/uploads\/2020\/03\/RelatrioFsicodeExecuodoProjeto.pdf\" target=\"_blank\" rel=\"noopener\">Relat\u00f3rio F\u00edsico de execu\u00e7\u00e3o do projeto<\/a><\/li><li><a href=\"https:\/\/www.liracarlosgomes.org.br\/wp-content\/uploads\/2020\/03\/RELTORIODEFOTOSDOSINSTRUMENTOS.pdf\" target=\"_blank\" rel=\"noopener\">Relat\u00f3rio de fotos dos instrumentos<\/a><\/li><\/ul><p><img decoding=\"async\" class=\" wp-image-911 alignleft\" src=\"https:\/\/www.liracarlosgomes.org.br\/wp-content\/uploads\/2019\/04\/FUNARTE-MINC-300x144.jpg\" alt=\"\" width=\"175\" height=\"84\" \/> <img loading=\"lazy\" decoding=\"async\" class=\"alignnone  wp-image-912\" src=\"https:\/\/www.liracarlosgomes.org.br\/wp-content\/uploads\/2019\/04\/logoFederal-300x97.jpg\" alt=\"\" width=\"263\" height=\"85\" srcset=\"https:\/\/www.liracarlosgomes.org.br\/wp-content\/uploads\/2019\/04\/logoFederal-300x97.jpg 300w, https:\/\/www.liracarlosgomes.org.br\/wp-content\/uploads\/2019\/04\/logoFederal.jpg 395w\" sizes=\"(max-width: 263px) 100vw, 263px\" \/> <img loading=\"lazy\" decoding=\"async\" class=\"alignnone  wp-image-914\" src=\"https:\/\/www.liracarlosgomes.org.br\/wp-content\/uploads\/2019\/04\/MinCidadania-300x97.png\" alt=\"\" width=\"220\" height=\"71\" srcset=\"https:\/\/www.liracarlosgomes.org.br\/wp-content\/uploads\/2019\/04\/MinCidadania-300x97.png 300w, https:\/\/www.liracarlosgomes.org.br\/wp-content\/uploads\/2019\/04\/MinCidadania-768x247.png 768w, https:\/\/www.liracarlosgomes.org.br\/wp-content\/uploads\/2019\/04\/MinCidadania-1024x330.png 1024w, https:\/\/www.liracarlosgomes.org.br\/wp-content\/uploads\/2019\/04\/MinCidadania.png 1339w\" sizes=\"(max-width: 220px) 100vw, 220px\" \/><\/p><\/div>\n\t\t\t\t<\/div>\n\t\t\t\t\t\t\t\t<\/div>\n\t\t\t\t\t\t<\/div>\n\t\t\t\t\t<\/div>\n\t\t<\/div>\n\t\t\t\t\t<\/div>\n\t\t<\/section>\n\t\t\t\t<\/div>\n\t\t","protected":false},"excerpt":{"rendered":"<p>Conv\u00eanio 891290\/2019 Evolu\u00e7\u00e3o do Projeto Financeira Plano de Trabalho Or\u00e7amento-Conceito Musical Or\u00e7amento-da Capo Plano de Trabalho-Anexo Termo Refer\u00eancia Receita Despesa Plano de Trabalho Rela\u00e7\u00e3o de Bens Adquiridos Rela\u00e7\u00e3o de Documentos Liquida\u00e7\u00e3o Rela\u00e7\u00e3o de Pagamentos Termo de Fomento-Assinado 1 Termo de Fomento-Assinado 2 Termo de Refer\u00eancia Licita\u00e7\u00e3o Cota\u00e7\u00e3o Eletr\u00f4nica 01 Declara\u00e7\u00e3o de Inexist\u00eancia de outras fontes &hellip;<\/p>\n","protected":false},"author":1,"featured_media":0,"parent":0,"menu_order":0,"comment_status":"closed","ping_status":"closed","template":"","meta":{"om_disable_all_campaigns":false,"footnotes":""},"class_list":["post-1386","page","type-page","status-publish",""],"_links":{"self":[{"href":"https:\/\/www.liracarlosgomes.org.br\/index.php?rest_route=\/wp\/v2\/pages\/1386","targetHints":{"allow":["GET"]}}],"collection":[{"href":"https:\/\/www.liracarlosgomes.org.br\/index.php?rest_route=\/wp\/v2\/pages"}],"about":[{"href":"https:\/\/www.liracarlosgomes.org.br\/index.php?rest_route=\/wp\/v2\/types\/page"}],"author":[{"embeddable":true,"href":"https:\/\/www.liracarlosgomes.org.br\/index.php?rest_route=\/wp\/v2\/users\/1"}],"replies":[{"embeddable":true,"href":"https:\/\/www.liracarlosgomes.org.br\/index.php?rest_route=%2Fwp%2Fv2%2Fcomments&post=1386"}],"version-history":[{"count":60,"href":"https:\/\/www.liracarlosgomes.org.br\/index.php?rest_route=\/wp\/v2\/pages\/1386\/revisions"}],"predecessor-version":[{"id":1912,"href":"https:\/\/www.liracarlosgomes.org.br\/index.php?rest_route=\/wp\/v2\/pages\/1386\/revisions\/1912"}],"wp:attachment":[{"href":"https:\/\/www.liracarlosgomes.org.br\/index.php?rest_route=%2Fwp%2Fv2%2Fmedia&parent=1386"}],"curies":[{"name":"wp","href":"https:\/\/api.w.org\/{rel}","templated":true}]}}