{"id":1361,"date":"2020-03-09T11:40:38","date_gmt":"2020-03-09T14:40:38","guid":{"rendered":"https:\/\/www.liracarlosgomes.org.br\/?page_id=1361"},"modified":"2023-03-16T09:30:34","modified_gmt":"2023-03-16T12:30:34","slug":"documentos-legais","status":"publish","type":"page","link":"https:\/\/www.liracarlosgomes.org.br\/?page_id=1361","title":{"rendered":"Documentos Legais"},"content":{"rendered":"\t\t<div data-elementor-type=\"wp-page\" data-elementor-id=\"1361\" class=\"elementor elementor-1361\">\n\t\t\t\t\t\t<section class=\"elementor-section elementor-top-section elementor-element elementor-element-8802b48 elementor-section-boxed elementor-section-height-default elementor-section-height-default\" data-id=\"8802b48\" data-element_type=\"section\" data-e-type=\"section\">\n\t\t\t\t\t\t<div class=\"elementor-container elementor-column-gap-default\">\n\t\t\t\t\t<div class=\"elementor-column elementor-col-100 elementor-top-column elementor-element elementor-element-e1cb8b3\" data-id=\"e1cb8b3\" data-element_type=\"column\" data-e-type=\"column\">\n\t\t\t<div class=\"elementor-widget-wrap elementor-element-populated\">\n\t\t\t\t\t\t<section class=\"elementor-section elementor-inner-section elementor-element elementor-element-56de087 elementor-section-boxed elementor-section-height-default elementor-section-height-default\" data-id=\"56de087\" data-element_type=\"section\" data-e-type=\"section\">\n\t\t\t\t\t\t<div class=\"elementor-container elementor-column-gap-default\">\n\t\t\t\t\t<div class=\"elementor-column elementor-col-50 elementor-inner-column elementor-element elementor-element-983b165\" data-id=\"983b165\" data-element_type=\"column\" data-e-type=\"column\">\n\t\t\t<div class=\"elementor-widget-wrap elementor-element-populated\">\n\t\t\t\t\t\t<div class=\"elementor-element elementor-element-c1fb743 elementor-widget elementor-widget-text-editor\" data-id=\"c1fb743\" data-element_type=\"widget\" data-e-type=\"widget\" data-widget_type=\"text-editor.default\">\n\t\t\t\t\t\t\t\t\t<p style=\"text-align: left;\"><a href=\"https:\/\/www.liracarlosgomes.org.br\/wp-content\/uploads\/2020\/03\/Alvara.pdf\" target=\"_blank\" rel=\"noopener\"><strong>Alvar\u00e1<\/strong><\/a><\/p><p style=\"text-align: left;\"><a href=\"https:\/\/www.liracarlosgomes.org.br\/wp-content\/uploads\/2020\/03\/ATA-DIGITADA.pdf\" target=\"_blank\" rel=\"noopener\"><strong>Ata Digitada<\/strong><\/a><\/p><p style=\"text-align: left;\"><a href=\"https:\/\/www.liracarlosgomes.org.br\/wp-content\/uploads\/2020\/03\/ATADAELEICAOMANUSCRITA.pdf\" target=\"_blank\" rel=\"noopener\"><strong>Ata da Elei\u00e7\u00e3o Manuscrita<\/strong><\/a><\/p><p style=\"text-align: left;\"><a href=\"https:\/\/www.liracarlosgomes.org.br\/wp-content\/uploads\/2020\/03\/CNPJ.pdf\" target=\"_blank\" rel=\"noopener\"><strong>CNPJ<\/strong><\/a><\/p><p style=\"text-align: left;\"><a href=\"https:\/\/www.liracarlosgomes.org.br\/wp-content\/uploads\/2020\/03\/Estatuto-Social.pdf\" target=\"_blank\" rel=\"noopener\"><strong>Estatuto Social<\/strong><\/a><\/p><p><strong><a href=\"https:\/\/www.liracarlosgomes.org.br\/wp-content\/uploads\/2023\/03\/NovoEstatuto.pdf\" target=\"_blank\" rel=\"noopener\">Novo Estatuto<\/a><\/strong><\/p><p><a href=\"https:\/\/www.liracarlosgomes.org.br\/wp-content\/uploads\/2023\/03\/ATA_ELEICAO_2023.pdf\" target=\"_blank\" rel=\"noopener\"><strong>Ata Elei\u00e7\u00e3o 2023<\/strong><\/a><\/p>\t\t\t\t\t\t\t\t<\/div>\n\t\t\t\t\t<\/div>\n\t\t<\/div>\n\t\t\t\t<div class=\"elementor-column elementor-col-50 elementor-inner-column elementor-element elementor-element-40db8b1\" data-id=\"40db8b1\" data-element_type=\"column\" data-e-type=\"column\">\n\t\t\t<div class=\"elementor-widget-wrap elementor-element-populated\">\n\t\t\t\t\t\t<div class=\"elementor-element elementor-element-743a05e elementor-widget elementor-widget-text-editor\" data-id=\"743a05e\" data-element_type=\"widget\" data-e-type=\"widget\" data-widget_type=\"text-editor.default\">\n\t\t\t\t\t\t\t\t\t<p><a href=\"https:\/\/www.liracarlosgomes.org.br\/wp-content\/uploads\/2020\/03\/Inscricao-CMDCA.pdf\" target=\"_blank\" rel=\"noopener\"><strong>Inscri\u00e7\u00e3o CMDCA<\/strong><\/a><\/p><p><a href=\"https:\/\/www.liracarlosgomes.org.br\/wp-content\/uploads\/2020\/03\/Relacao-de-Diretores.pdf\" target=\"_blank\" rel=\"noopener\"><strong>Rela\u00e7\u00e3o de Diretores<\/strong><\/a><\/p><p><a href=\"https:\/\/www.liracarlosgomes.org.br\/wp-content\/uploads\/2020\/03\/Utilidade-Publica-Municipal.pdf\" target=\"_blank\" rel=\"noopener\"><strong>Utilidade P\u00fablica Municipal<\/strong><\/a><\/p><p><a href=\"https:\/\/www.liracarlosgomes.org.br\/wp-content\/uploads\/2020\/03\/Utilidade-Publica-Estadual.pdf\" target=\"_blank\" rel=\"noopener\"><strong>Utilidade P\u00fablica Estadual<\/strong><\/a><\/p><p><a href=\"https:\/\/www.liracarlosgomes.org.br\/wp-content\/uploads\/2020\/03\/UTILIDADE-PUBLICA-FEDERAL.pdf\" target=\"_blank\" rel=\"noopener\"><strong>Utilidade P\u00fablica Federal<\/strong><\/a><\/p>\t\t\t\t\t\t\t\t<\/div>\n\t\t\t\t\t<\/div>\n\t\t<\/div>\n\t\t\t\t\t<\/div>\n\t\t<\/section>\n\t\t\t\t\t<\/div>\n\t\t<\/div>\n\t\t\t\t\t<\/div>\n\t\t<\/section>\n\t\t\t\t<\/div>\n\t\t","protected":false},"excerpt":{"rendered":"<p>Alvar\u00e1 Ata Digitada Ata da Elei\u00e7\u00e3o Manuscrita CNPJ Estatuto Social Novo Estatuto Ata Elei\u00e7\u00e3o 2023 Inscri\u00e7\u00e3o CMDCA Rela\u00e7\u00e3o de Diretores Utilidade P\u00fablica Municipal Utilidade P\u00fablica Estadual Utilidade P\u00fablica Federal<\/p>\n","protected":false},"author":1,"featured_media":0,"parent":0,"menu_order":0,"comment_status":"closed","ping_status":"closed","template":"","meta":{"om_disable_all_campaigns":false,"footnotes":""},"class_list":["post-1361","page","type-page","status-publish",""],"_links":{"self":[{"href":"https:\/\/www.liracarlosgomes.org.br\/index.php?rest_route=\/wp\/v2\/pages\/1361","targetHints":{"allow":["GET"]}}],"collection":[{"href":"https:\/\/www.liracarlosgomes.org.br\/index.php?rest_route=\/wp\/v2\/pages"}],"about":[{"href":"https:\/\/www.liracarlosgomes.org.br\/index.php?rest_route=\/wp\/v2\/types\/page"}],"author":[{"embeddable":true,"href":"https:\/\/www.liracarlosgomes.org.br\/index.php?rest_route=\/wp\/v2\/users\/1"}],"replies":[{"embeddable":true,"href":"https:\/\/www.liracarlosgomes.org.br\/index.php?rest_route=%2Fwp%2Fv2%2Fcomments&post=1361"}],"version-history":[{"count":12,"href":"https:\/\/www.liracarlosgomes.org.br\/index.php?rest_route=\/wp\/v2\/pages\/1361\/revisions"}],"predecessor-version":[{"id":3025,"href":"https:\/\/www.liracarlosgomes.org.br\/index.php?rest_route=\/wp\/v2\/pages\/1361\/revisions\/3025"}],"wp:attachment":[{"href":"https:\/\/www.liracarlosgomes.org.br\/index.php?rest_route=%2Fwp%2Fv2%2Fmedia&parent=1361"}],"curies":[{"name":"wp","href":"https:\/\/api.w.org\/{rel}","templated":true}]}}