{"id":1331,"date":"2020-03-06T12:00:38","date_gmt":"2020-03-06T15:00:38","guid":{"rendered":"https:\/\/www.liracarlosgomes.org.br\/?page_id=1331"},"modified":"2023-01-04T11:43:29","modified_gmt":"2023-01-04T14:43:29","slug":"palavras-do-presidente-e-do-regente","status":"publish","type":"page","link":"https:\/\/www.liracarlosgomes.org.br\/?page_id=1331","title":{"rendered":"Palavras do Presidente e do Regente"},"content":{"rendered":"\t\t<div data-elementor-type=\"wp-page\" data-elementor-id=\"1331\" class=\"elementor elementor-1331\">\n\t\t\t\t<div class=\"elementor-element elementor-element-d627466 e-flex e-con-boxed e-con e-parent\" data-id=\"d627466\" data-element_type=\"container\" data-e-type=\"container\">\n\t\t\t\t\t<div class=\"e-con-inner\">\n\t\t\t\t<div class=\"elementor-element elementor-element-e067276 elementor-widget elementor-widget-image\" data-id=\"e067276\" data-element_type=\"widget\" data-e-type=\"widget\" data-widget_type=\"image.default\">\n\t\t\t\t\t\t\t\t\t\t\t\t\t\t\t<img decoding=\"async\" src=\"https:\/\/www.liracarlosgomes.org.br\/wp-content\/uploads\/2023\/01\/JoseCruz.jpeg\" title=\"JoseCruz\" alt=\"JoseCruz\" loading=\"lazy\" \/>\t\t\t\t\t\t\t\t\t\t\t\t\t\t\t<\/div>\n\t\t\t\t<div class=\"elementor-element elementor-element-462d188 elementor-widget elementor-widget-heading\" data-id=\"462d188\" data-element_type=\"widget\" data-e-type=\"widget\" data-widget_type=\"heading.default\">\n\t\t\t\t\t<h2 class=\"elementor-heading-title elementor-size-small\"><h3 style=\"text-align: center\"><strong>Palavras do novo Presidente<\/strong><\/h3><br>Desde o dia de minha posse (29\/01\/2021) como presidente que venho procurando n\u00e3o decepcionar aqueles que me escolheram para presidir essa honrada e querida filarm\u00f4nica que desde a sua funda\u00e7\u00e3o em 03\/10\/1879, nunca paralisou suas atividades. Por isso, vou dar continuidade ao trabalho desenvolvido pela Diretoria anterior. Diante disso deixo claro que irei procurar adaptar a Associa\u00e7\u00e3o a nova realidade, principalmente nesse tempo de pandemia, que certamente tem atrapalhado a atividade musical da entidade. Portanto continuo pedindo o apoio de todos associados para que a nossa Lira Carlos Gomes continue sendo uma entidade organizada administrativamente para que consiga atingir seus objetivos que s\u00e3o animar e difundir a arte musical para toda comunidade estanciana, sendo considerada uma agremia\u00e7\u00e3o art\u00edstica recreativa, patrim\u00f4nio da Cidade Jardim, titulo escolhido pelos estancianos como a primeira das sete maravilhas do munic\u00edpio de Est\u00e2ncia.<\/h2>\t\t\t\t<\/div>\n\t\t\t\t\t<\/div>\n\t\t\t\t<\/div>\n\t\t\t\t<section class=\"elementor-section elementor-top-section elementor-element elementor-element-4517aa89 elementor-section-boxed elementor-section-height-default elementor-section-height-default\" data-id=\"4517aa89\" data-element_type=\"section\" data-e-type=\"section\">\n\t\t\t\t\t\t<div class=\"elementor-container elementor-column-gap-default\">\n\t\t\t\t\t<div class=\"elementor-column elementor-col-100 elementor-top-column elementor-element elementor-element-369c2305\" data-id=\"369c2305\" data-element_type=\"column\" data-e-type=\"column\">\n\t\t\t<div class=\"elementor-widget-wrap elementor-element-populated\">\n\t\t\t\t\t\t<div class=\"elementor-element elementor-element-49b61aab elementor-widget elementor-widget-text-editor\" data-id=\"49b61aab\" data-element_type=\"widget\" data-e-type=\"widget\" data-widget_type=\"text-editor.default\">\n\t\t\t\t\t\t\t\t\t<p><\/p>\n<h3 style=\"text-align: center;\"><strong>Palavras do ex-presidente<\/strong><\/h3>\n<p><img fetchpriority=\"high\" decoding=\"async\" class=\"size-medium wp-image-1332 alignleft\" src=\"https:\/\/www.liracarlosgomes.org.br\/wp-content\/uploads\/2020\/03\/JoseFelix-273x300.png\" alt=\"\" width=\"273\" height=\"300\" srcset=\"https:\/\/www.liracarlosgomes.org.br\/wp-content\/uploads\/2020\/03\/JoseFelix-273x300.png 273w, https:\/\/www.liracarlosgomes.org.br\/wp-content\/uploads\/2020\/03\/JoseFelix.png 324w\" sizes=\"(max-width: 273px) 100vw, 273px\" \/><\/p>\n<p style=\"text-align: justify;\">Em outubro de 2019 a Associa\u00e7\u00e3o Musical Lira Carlos Gomes completou 140 anos de atividades ininterruptas no Munic\u00edpio de Est\u00e2ncia-SE. A Institui\u00e7\u00e3o atua diretamente na forma\u00e7\u00e3o de m\u00fasicos, inclusive, desde a inf\u00e2ncia, mostrando \u00e0 popula\u00e7\u00e3o sergipana, principalmente estanciana, o importante papel que a entidade desenvolve no campo musical, educacional, social, no fortalecimento e aperfei\u00e7oamento dos projetos que envolvem a educa\u00e7\u00e3o.<\/p>\n<p style=\"text-align: justify;\">&#8220;Uma institui\u00e7\u00e3o atingir 140 anos de atividades prestando excelentes servi\u00e7os e contribuindo para a transforma\u00e7\u00e3o e desenvolvimento da cidadania plena para crian\u00e7as e adolescentes atrav\u00e9s da m\u00fasica, \u00e9 motivo de orgulho e compromisso, ao longo dos meus 26 anos \u00e0 frente desta institui\u00e7\u00e3o buscamos manter com muita dedica\u00e7\u00e3o o compromisso de estimular as futuras gera\u00e7\u00f5es a darem continuidade \u00e0s relevantes atividades proporcionadas pela institui\u00e7\u00e3o &#8220;.<\/p>\n<p><\/p>\n<p style=\"text-align: justify;\">&nbsp; &nbsp; &nbsp; &nbsp; &nbsp; &nbsp; &nbsp; &nbsp; <strong>&nbsp;Jos\u00e9 Felix dos Santos<\/strong><\/p>\n<p style=\"text-align: justify;\"><strong>Presidente | Associa\u00e7\u00e3o Musical Lira Carlos Gomes.<\/strong><\/p>\n<h3 style=\"text-align: center;\"><em><strong>Palavras do Regente<\/strong><\/em><\/h3>\n<p><img decoding=\"async\" class=\"size-medium wp-image-1335 alignleft\" src=\"https:\/\/www.liracarlosgomes.org.br\/wp-content\/uploads\/2020\/03\/Xisto-300x220.png\" alt=\"\" width=\"300\" height=\"220\" srcset=\"https:\/\/www.liracarlosgomes.org.br\/wp-content\/uploads\/2020\/03\/Xisto-300x220.png 300w, https:\/\/www.liracarlosgomes.org.br\/wp-content\/uploads\/2020\/03\/Xisto.png 696w\" sizes=\"(max-width: 300px) 100vw, 300px\" \/><\/p>\n<p><strong>\u201cResgatar a dimens\u00e3o educativa atrav\u00e9s da m\u00fasica, gera benef\u00edcios sociais para crian\u00e7as e adolescentes, como a profissionaliza\u00e7\u00e3o, o que possibilita aos mesmos reconhecerem-se como sujeitos que atuam no mundo, dando-lhes condi\u00e7\u00f5es de criarem novos projetos de vida. \u201d<\/strong><\/p>\n<p><strong>&nbsp;<\/strong><\/p>\n<p><strong>&nbsp;<\/strong><\/p>\n<p><\/p>\n<p style=\"text-align: left;\"><strong>&nbsp; &nbsp; &nbsp; &nbsp; &nbsp; &nbsp; Claudemiro Xisto dos Santos<\/strong><\/p>\n<p><strong>&nbsp; &nbsp; &nbsp; &nbsp; Maestro da institui\u00e7\u00e3o desde 1994. <\/strong><\/p>\n<p><\/p>\t\t\t\t\t\t\t\t<\/div>\n\t\t\t\t\t<\/div>\n\t\t<\/div>\n\t\t\t\t\t<\/div>\n\t\t<\/section>\n\t\t\t\t<\/div>\n\t\t","protected":false},"excerpt":{"rendered":"<p>Palavras do novo PresidenteDesde o dia de minha posse (29\/01\/2021) como presidente que venho procurando n\u00e3o decepcionar aqueles que me escolheram para presidir essa honrada e querida filarm\u00f4nica que desde a sua funda\u00e7\u00e3o em 03\/10\/1879, nunca paralisou suas atividades. Por isso, vou dar continuidade ao trabalho desenvolvido pela Diretoria anterior. Diante disso deixo claro que &hellip;<\/p>\n","protected":false},"author":1,"featured_media":0,"parent":0,"menu_order":0,"comment_status":"closed","ping_status":"closed","template":"","meta":{"om_disable_all_campaigns":false,"footnotes":""},"class_list":["post-1331","page","type-page","status-publish",""],"_links":{"self":[{"href":"https:\/\/www.liracarlosgomes.org.br\/index.php?rest_route=\/wp\/v2\/pages\/1331","targetHints":{"allow":["GET"]}}],"collection":[{"href":"https:\/\/www.liracarlosgomes.org.br\/index.php?rest_route=\/wp\/v2\/pages"}],"about":[{"href":"https:\/\/www.liracarlosgomes.org.br\/index.php?rest_route=\/wp\/v2\/types\/page"}],"author":[{"embeddable":true,"href":"https:\/\/www.liracarlosgomes.org.br\/index.php?rest_route=\/wp\/v2\/users\/1"}],"replies":[{"embeddable":true,"href":"https:\/\/www.liracarlosgomes.org.br\/index.php?rest_route=%2Fwp%2Fv2%2Fcomments&post=1331"}],"version-history":[{"count":13,"href":"https:\/\/www.liracarlosgomes.org.br\/index.php?rest_route=\/wp\/v2\/pages\/1331\/revisions"}],"predecessor-version":[{"id":3001,"href":"https:\/\/www.liracarlosgomes.org.br\/index.php?rest_route=\/wp\/v2\/pages\/1331\/revisions\/3001"}],"wp:attachment":[{"href":"https:\/\/www.liracarlosgomes.org.br\/index.php?rest_route=%2Fwp%2Fv2%2Fmedia&parent=1331"}],"curies":[{"name":"wp","href":"https:\/\/api.w.org\/{rel}","templated":true}]}}